{"id":1414,"date":"2015-06-10T23:02:42","date_gmt":"2015-06-10T21:02:42","guid":{"rendered":"https:\/\/www.sport-loewen-baden.de\/wp\/?page_id=1414"},"modified":"2017-08-09T14:54:36","modified_gmt":"2017-08-09T12:54:36","slug":"galerie","status":"publish","type":"page","link":"https:\/\/www.sport-loewen-baden.de\/wp\/galerie\/","title":{"rendered":"Galerie"},"content":{"rendered":"<p>Hier findet Ihr unsere bisher ver\u00f6ffentlichten Galerien.<\/p>\n<h3>Mit dem LV Ettenheim zur Vollmondparty nach Renchen-Ulm<\/h3>\n<p><a href=\"https:\/\/www.sport-loewen-baden.de\/wp\/galerie\/vollmondparty-07-08-2017-photos\/\"><img loading=\"lazy\" decoding=\"async\" class=\"alignnone wp-image-5303\" src=\"https:\/\/www.sport-loewen-baden.de\/wp\/wp-content\/uploads\/2015\/06\/DSC00694.jpg\" alt=\"\" width=\"394\" height=\"296\" srcset=\"https:\/\/www.sport-loewen-baden.de\/wp\/wp-content\/uploads\/2015\/06\/DSC00694.jpg 1024w, https:\/\/www.sport-loewen-baden.de\/wp\/wp-content\/uploads\/2015\/06\/DSC00694-300x225.jpg 300w, https:\/\/www.sport-loewen-baden.de\/wp\/wp-content\/uploads\/2015\/06\/DSC00694-768x576.jpg 768w\" sizes=\"auto, (max-width: 394px) 100vw, 394px\" \/><\/a><\/p>\n<p>&nbsp;<\/p>\n<h3>&#8222;Auf Rollen von Fest zu Fest&#8220; &#8211; Vatertagstour am 25. Mai 2017<\/h3>\n<p><a href=\"https:\/\/www.sport-loewen-baden.de\/wp\/galerie\/auf-rollen-von-fest-zu-fest-vatertagstour-am-25-mai-2017\/\"><img loading=\"lazy\" decoding=\"async\" class=\"alignnone wp-image-5012\" src=\"https:\/\/www.sport-loewen-baden.de\/wp\/wp-content\/uploads\/2017\/05\/IMG_20170525_233816_206-1.jpg\" alt=\"\" width=\"272\" height=\"272\" srcset=\"https:\/\/www.sport-loewen-baden.de\/wp\/wp-content\/uploads\/2017\/05\/IMG_20170525_233816_206-1.jpg 1080w, https:\/\/www.sport-loewen-baden.de\/wp\/wp-content\/uploads\/2017\/05\/IMG_20170525_233816_206-1-150x150.jpg 150w, https:\/\/www.sport-loewen-baden.de\/wp\/wp-content\/uploads\/2017\/05\/IMG_20170525_233816_206-1-300x300.jpg 300w, https:\/\/www.sport-loewen-baden.de\/wp\/wp-content\/uploads\/2017\/05\/IMG_20170525_233816_206-1-768x768.jpg 768w, https:\/\/www.sport-loewen-baden.de\/wp\/wp-content\/uploads\/2017\/05\/IMG_20170525_233816_206-1-1024x1024.jpg 1024w, https:\/\/www.sport-loewen-baden.de\/wp\/wp-content\/uploads\/2017\/05\/IMG_20170525_233816_206-1-200x200.jpg 200w\" sizes=\"auto, (max-width: 272px) 100vw, 272px\" \/><\/a><\/p>\n<p>&nbsp;<\/p>\n<h3>Inlinekurs Kinder am 21. Mai 2017<\/h3>\n<p><a href=\"https:\/\/www.sport-loewen-baden.de\/wp\/galerie\/inlinekurs-kinder-am-21-mai-2017\/\"><img loading=\"lazy\" decoding=\"async\" class=\"alignnone wp-image-5126\" src=\"https:\/\/www.sport-loewen-baden.de\/wp\/wp-content\/uploads\/2015\/06\/DSC09687-1.jpg\" alt=\"\" width=\"365\" height=\"221\" srcset=\"https:\/\/www.sport-loewen-baden.de\/wp\/wp-content\/uploads\/2015\/06\/DSC09687-1.jpg 3134w, https:\/\/www.sport-loewen-baden.de\/wp\/wp-content\/uploads\/2015\/06\/DSC09687-1-300x182.jpg 300w, https:\/\/www.sport-loewen-baden.de\/wp\/wp-content\/uploads\/2015\/06\/DSC09687-1-768x466.jpg 768w, https:\/\/www.sport-loewen-baden.de\/wp\/wp-content\/uploads\/2015\/06\/DSC09687-1-1024x621.jpg 1024w\" sizes=\"auto, (max-width: 365px) 100vw, 365px\" \/><\/a><\/p>\n<p>&nbsp;<\/p>\n<h3>\u201eGrenzg\u00e4nger \u2013 DAS 24h-Wanderevent im Dreil\u00e4ndereck&#8220; am 01. Oktober 2016<\/h3>\n<p><a href=\"https:\/\/www.sport-loewen-baden.de\/wp\/gallerie\/grenzgaenger-das-24h-wanderevent-im-dreilaendereck-am-01-oktober-2016\"><img loading=\"lazy\" decoding=\"async\" class=\"alignnone wp-image-4763\" src=\"https:\/\/www.sport-loewen-baden.de\/wp\/wp-content\/uploads\/2015\/06\/DSC03459.jpg\" alt=\"dsc03459\" width=\"256\" height=\"192\" srcset=\"https:\/\/www.sport-loewen-baden.de\/wp\/wp-content\/uploads\/2015\/06\/DSC03459.jpg 4896w, https:\/\/www.sport-loewen-baden.de\/wp\/wp-content\/uploads\/2015\/06\/DSC03459-300x225.jpg 300w, https:\/\/www.sport-loewen-baden.de\/wp\/wp-content\/uploads\/2015\/06\/DSC03459-768x576.jpg 768w, https:\/\/www.sport-loewen-baden.de\/wp\/wp-content\/uploads\/2015\/06\/DSC03459-1024x768.jpg 1024w\" sizes=\"auto, (max-width: 256px) 100vw, 256px\" \/><\/a><\/p>\n<h3>L\u00f6wen Skate vom 8. bis 10. Juli 2016<\/h3>\n<div id=\"attachment_4386\" style=\"width: 223px\" class=\"wp-caption alignnone\"><a href=\"https:\/\/www.sport-loewen-baden.de\/wp\/galerie\/loewen-skate-2016-galerie-vom-samstag\/\"><img loading=\"lazy\" decoding=\"async\" aria-describedby=\"caption-attachment-4386\" class=\"wp-image-4386\" src=\"https:\/\/www.sport-loewen-baden.de\/wp\/wp-content\/uploads\/2015\/06\/DSC02631-300x225.jpg\" alt=\"DSC02631\" width=\"213\" height=\"160\" srcset=\"https:\/\/www.sport-loewen-baden.de\/wp\/wp-content\/uploads\/2015\/06\/DSC02631-300x225.jpg 300w, https:\/\/www.sport-loewen-baden.de\/wp\/wp-content\/uploads\/2015\/06\/DSC02631-768x576.jpg 768w, https:\/\/www.sport-loewen-baden.de\/wp\/wp-content\/uploads\/2015\/06\/DSC02631-1024x768.jpg 1024w\" sizes=\"auto, (max-width: 213px) 100vw, 213px\" \/><\/a><p id=\"caption-attachment-4386\" class=\"wp-caption-text\">Bilder vom Samstag, 9. Juli 2016<\/p><\/div>\n<h3>L\u00f6wen Skate vom 10. bis 12. Juli 2015<\/h3>\n<div style=\"width: 223px\" class=\"wp-caption alignnone\"><a class=\"ngg-fancybox\" title=\" \" href=\"https:\/\/www.sport-loewen-baden.de\/wp\/loewen-skate-2015-prolog\/\" data-image-id=\"844\" data-src=\"https:\/\/www.sport-loewen-baden.de\/wp\/wp-content\/gallery\/loewen-skate-2015-prolog\/20150709_172459-Kai-Uwe-Kemper-028.jpg\" data-thumbnail=\"https:\/\/www.sport-loewen-baden.de\/wp\/wp-content\/gallery\/loewen-skate-2015-prolog\/thumbs\/thumbs_20150709_172459-Kai-Uwe-Kemper-028.jpg\" data-title=\"20150709_172459 Kai-Uwe Kemper 028\" data-description=\" \"><img loading=\"lazy\" decoding=\"async\" class=\"ngg-singlepic ngg-none\" src=\"https:\/\/www.sport-loewen-baden.de\/wp\/wp-content\/gallery\/loewen-skate-2015-prolog\/thumbs\/thumbs_20150709_172459-Kai-Uwe-Kemper-028.jpg\" alt=\"20150709_172459 Kai-Uwe Kemper 028\" width=\"213\" height=\"160\" \/><\/a><p class=\"wp-caption-text\">Bilder vom Prolog am Donnerstag, 9. Juli 2015<\/p><\/div>\n<div style=\"width: 223px\" class=\"wp-caption alignnone\"><a class=\"ngg-fancybox\" title=\" \" href=\"https:\/\/www.sport-loewen-baden.de\/wp\/galerie\/loewen-skate-2015-gallerie-vom-freitag\/\" data-image-id=\"477\" data-src=\"https:\/\/www.sport-loewen-baden.de\/wp\/wp-content\/gallery\/loewen-skate-2015-freitag\/20150710_132532-Katja-Scheppe-018.jpg\" data-thumbnail=\"https:\/\/www.sport-loewen-baden.de\/wp\/wp-content\/gallery\/loewen-skate-2015-freitag\/thumbs\/thumbs_20150710_132532-Katja-Scheppe-018.jpg\" data-title=\"20150710_132532 Katja Scheppe 018\" data-description=\" \"><img loading=\"lazy\" decoding=\"async\" class=\"ngg-singlepic ngg-none\" src=\"https:\/\/www.sport-loewen-baden.de\/wp\/wp-content\/gallery\/loewen-skate-2015-freitag\/thumbs\/thumbs_20150710_132532-Katja-Scheppe-018.jpg\" alt=\"20150710_132532 Katja Scheppe 018\" width=\"213\" height=\"160\" \/><\/a><p class=\"wp-caption-text\">Bilder vom Freitag, 10. Juli 2015<\/p><\/div>\n<div style=\"width: 250px\" class=\"wp-caption alignnone\"><a class=\"ngg-fancybox\" title=\" \" href=\"https:\/\/www.sport-loewen-baden.de\/wp\/galerie\/loewen-skate-2015-galerie-vom-samstag\/\" data-image-id=\"669\" data-src=\"https:\/\/www.sport-loewen-baden.de\/wp\/wp-content\/gallery\/loewen-skate-2015-samstag\/20150711_163441-Jens-Brunner-051.JPG\" data-thumbnail=\"https:\/\/www.sport-loewen-baden.de\/wp\/wp-content\/gallery\/loewen-skate-2015-samstag\/thumbs\/thumbs_20150711_163441-Jens-Brunner-051.JPG\" data-title=\"20150711_163441 Jens Brunner 051\" data-description=\" \"><img loading=\"lazy\" decoding=\"async\" class=\"ngg-singlepic ngg-none\" src=\"https:\/\/www.sport-loewen-baden.de\/wp\/wp-content\/gallery\/loewen-skate-2015-samstag\/thumbs\/thumbs_20150711_163441-Jens-Brunner-051.JPG\" alt=\"20150711_163441 Jens Brunner 051\" width=\"240\" height=\"135\" \/><\/a><p class=\"wp-caption-text\">Bilder vom Samstag, 11. Juli 2015<\/p><\/div>\n<div style=\"width: 250px\" class=\"wp-caption alignnone\"><a class=\"ngg-fancybox\" title=\" \" href=\"https:\/\/www.sport-loewen-baden.de\/wp\/galerie\/loewen-skate-2015-galerie-vom-sonntag\/\" data-image-id=\"702\" data-src=\"https:\/\/www.sport-loewen-baden.de\/wp\/wp-content\/gallery\/loewen-skate-2015-sonntag\/20150712_092711-Manfred-Metz-017.jpg\" data-thumbnail=\"https:\/\/www.sport-loewen-baden.de\/wp\/wp-content\/gallery\/loewen-skate-2015-sonntag\/thumbs\/thumbs_20150712_092711-Manfred-Metz-017.jpg\" data-title=\"20150712_092711 Manfred Metz 017\" data-description=\" \"><img loading=\"lazy\" decoding=\"async\" class=\"ngg-singlepic ngg-none\" src=\"https:\/\/www.sport-loewen-baden.de\/wp\/wp-content\/gallery\/loewen-skate-2015-sonntag\/thumbs\/thumbs_20150712_092711-Manfred-Metz-017.jpg\" alt=\"20150712_092711 Manfred Metz 017\" width=\"240\" height=\"160\" \/><\/a><p class=\"wp-caption-text\">Bilder vom Sonntag, 12. Juli 2015<\/p><\/div>\n<h3>Skaten in B\u00fchl, um B\u00fchl und um B\u00fchl herum am 7. Juni 2015<\/h3>\n<p><a href=\"https:\/\/www.sport-loewen-baden.de\/wp\/galerie\/skaten-in-buehl-2015-06-08\/\"><img loading=\"lazy\" decoding=\"async\" class=\"alignnone size-medium wp-image-1510\" src=\"https:\/\/www.sport-loewen-baden.de\/wp\/wp-content\/uploads\/2015\/06\/2015-06-07-Skaten-in-B\u00fchl-05-300x225.jpg\" alt=\"2015-06-07 Skaten in B\u00fchl 05\" width=\"300\" height=\"225\" srcset=\"https:\/\/www.sport-loewen-baden.de\/wp\/wp-content\/uploads\/2015\/06\/2015-06-07-Skaten-in-B\u00fchl-05-300x225.jpg 300w, https:\/\/www.sport-loewen-baden.de\/wp\/wp-content\/uploads\/2015\/06\/2015-06-07-Skaten-in-B\u00fchl-05-1024x768.jpg 1024w\" sizes=\"auto, (max-width: 300px) 100vw, 300px\" \/><\/a><\/p>\n<h3>Kanutour auf der Moder(Elsass) am 28. Juni 2015<\/h3>\n<p><a href=\"https:\/\/www.sport-loewen-baden.de\/wp\/kanutour-auf-der-moderelsass-am-28-juni-2015\/\"><img loading=\"lazy\" decoding=\"async\" class=\"alignnone size-medium wp-image-1886\" src=\"https:\/\/www.sport-loewen-baden.de\/wp\/wp-content\/uploads\/2015\/06\/2015-06-28-Kanu-Heike-013-300x225.jpg\" alt=\"2015-06-28 Kanu Heike 013\" width=\"300\" height=\"225\" srcset=\"https:\/\/www.sport-loewen-baden.de\/wp\/wp-content\/uploads\/2015\/06\/2015-06-28-Kanu-Heike-013-300x225.jpg 300w, https:\/\/www.sport-loewen-baden.de\/wp\/wp-content\/uploads\/2015\/06\/2015-06-28-Kanu-Heike-013-1024x768.jpg 1024w\" sizes=\"auto, (max-width: 300px) 100vw, 300px\" \/><\/a><\/p>\n","protected":false},"excerpt":{"rendered":"<p>Hier findet Ihr unsere bisher ver\u00f6ffentlichten Galerien. Mit dem LV Ettenheim zur Vollmondparty nach Renchen-Ulm &nbsp; &#8222;Auf Rollen von Fest zu Fest&#8220; &#8211; Vatertagstour am 25. Mai 2017 &nbsp; Inlinekurs Kinder am 21. Mai 2017 &nbsp; \u201eGrenzg\u00e4nger \u2013 DAS 24h-Wanderevent im Dreil\u00e4ndereck&#8220; am 01. Oktober 2016 L\u00f6wen Skate vom 8. bis 10. Juli 2016 L\u00f6wen <a class=\"more-link\" href=\"https:\/\/www.sport-loewen-baden.de\/wp\/galerie\/\">Mehr &#8230;<\/a><\/p>\n","protected":false},"author":1,"featured_media":0,"parent":0,"menu_order":0,"comment_status":"closed","ping_status":"closed","template":"","meta":{"ngg_post_thumbnail":0,"footnotes":""},"class_list":["post-1414","page","type-page","status-publish","hentry"],"_links":{"self":[{"href":"https:\/\/www.sport-loewen-baden.de\/wp\/wp-json\/wp\/v2\/pages\/1414","targetHints":{"allow":["GET"]}}],"collection":[{"href":"https:\/\/www.sport-loewen-baden.de\/wp\/wp-json\/wp\/v2\/pages"}],"about":[{"href":"https:\/\/www.sport-loewen-baden.de\/wp\/wp-json\/wp\/v2\/types\/page"}],"author":[{"embeddable":true,"href":"https:\/\/www.sport-loewen-baden.de\/wp\/wp-json\/wp\/v2\/users\/1"}],"replies":[{"embeddable":true,"href":"https:\/\/www.sport-loewen-baden.de\/wp\/wp-json\/wp\/v2\/comments?post=1414"}],"version-history":[{"count":24,"href":"https:\/\/www.sport-loewen-baden.de\/wp\/wp-json\/wp\/v2\/pages\/1414\/revisions"}],"predecessor-version":[{"id":5305,"href":"https:\/\/www.sport-loewen-baden.de\/wp\/wp-json\/wp\/v2\/pages\/1414\/revisions\/5305"}],"wp:attachment":[{"href":"https:\/\/www.sport-loewen-baden.de\/wp\/wp-json\/wp\/v2\/media?parent=1414"}],"curies":[{"name":"wp","href":"https:\/\/api.w.org\/{rel}","templated":true}]}}