{"id":81,"date":"2014-04-21T17:47:22","date_gmt":"2014-04-21T15:47:22","guid":{"rendered":"https:\/\/www.sport-loewen-baden.de\/wp\/?page_id=81"},"modified":"2019-09-23T17:36:23","modified_gmt":"2019-09-23T15:36:23","slug":"mitgliedschaft","status":"publish","type":"page","link":"https:\/\/www.sport-loewen-baden.de\/wp\/ueber-uns\/mitgliedschaft\/","title":{"rendered":"Mitgliedschaft bei dem Sport L\u00f6wen Baden e.V."},"content":{"rendered":"<p>Die Jahresmitgliedschaft beim Sport L\u00f6wen Baden e.V. kann jederzeit erworben werden. Die Beitr\u00e4ge sind bewu\u00dft klein gehalten und beinhalten:<\/p>\n<ul>\n<li style=\"list-style-type: none;\">\n<ul>\n<li>Versicherungsschutz bei allen Veranstaltungen des Vereins<\/li>\n<li>Erm\u00e4\u00dfigung auf die Teilnahmegeb\u00fchren f\u00fcr Events (z.B. L\u00f6wen Skate, Kart fahren, Wanderungen, Inlinekurse usw.)<\/li>\n<li>Anmeldungen zu Schulungen bei unseren Dachverb\u00e4nden (z.B. Ausbildung Inline Instructor, Weiterbildung an der Sportschule)<\/li>\n<li>Bei organisierten Fahrten zu Skateevents (z.B. Rhine on Skates, Skatenight Mannheim usw.) \u00fcbernimmt der Verein 50% Deiner Fahrtkosten.<\/li>\n<li>Erm\u00e4\u00dfigung bei X-Tasy in H\u00f6he von 10%<\/li>\n<li>Kostenlose Teilnahme am j\u00e4hrlichen Vereinsbrunch, ausgenommen Getr\u00e4nke<\/li>\n<li>\u2026 und die Verbundenheit, unter gleichgesinnten Deine Freizeit zu erleben mit vielen organisierten Eventteilnahmen<\/li>\n<\/ul>\n<\/li>\n<\/ul>\n<table style=\"height: 352px;\" width=\"737\">\n<tbody>\n<tr>\n<th align=\"left\">Art der Mitgliedschaft<\/th>\n<th align=\"left\">Jahresbeitrag<\/th>\n<\/tr>\n<tr>\n<th align=\"left\">Erwachsene\/r<\/th>\n<td>38,00 \u20ac<\/td>\n<\/tr>\n<tr>\n<th align=\"left\">Zweitmitgliedschaft Erwachsene\/r, Sch\u00fcler\/in, Student\/in<\/th>\n<td>33,00 \u20ac<\/td>\n<\/tr>\n<tr>\n<th align=\"left\">Kind zwischen 6 und 16 Jahren (max. 2 Kinder sind kostenpflichtig)<\/th>\n<td>&nbsp;27,00 \u20ac<\/td>\n<\/tr>\n<tr>\n<th align=\"left\">Kind bis 5 Jahre<\/th>\n<td>kostenlos<\/td>\n<\/tr>\n<tr>\n<th align=\"left\">F\u00f6rdermitgliedschaft<\/th>\n<td>&nbsp;ab 10,00\u20ac<\/td>\n<\/tr>\n<\/tbody>\n<\/table>\n<p><a href=\"https:\/\/www.sport-loewen-baden.de\/wp\/wp-content\/uploads\/2019\/09\/Beitrittserkl\u00e4rung-2019-04-14.pdf\">Mitgliedschaft beantragen<\/a><\/p>\n","protected":false},"excerpt":{"rendered":"<p>Die Jahresmitgliedschaft beim Sport L\u00f6wen Baden e.V. kann jederzeit erworben werden. Die Beitr\u00e4ge sind bewu\u00dft klein gehalten und beinhalten: Versicherungsschutz bei allen Veranstaltungen des Vereins Erm\u00e4\u00dfigung auf die Teilnahmegeb\u00fchren f\u00fcr Events (z.B. L\u00f6wen Skate, Kart fahren, Wanderungen, Inlinekurse usw.) Anmeldungen zu Schulungen bei unseren Dachverb\u00e4nden (z.B. Ausbildung Inline Instructor, Weiterbildung an der Sportschule) Bei organisierten <a class=\"more-link\" href=\"https:\/\/www.sport-loewen-baden.de\/wp\/ueber-uns\/mitgliedschaft\/\">Mehr &#8230;<\/a><\/p>\n","protected":false},"author":1,"featured_media":0,"parent":7,"menu_order":0,"comment_status":"closed","ping_status":"closed","template":"","meta":{"ngg_post_thumbnail":0,"footnotes":""},"class_list":["post-81","page","type-page","status-publish","hentry"],"_links":{"self":[{"href":"https:\/\/www.sport-loewen-baden.de\/wp\/wp-json\/wp\/v2\/pages\/81","targetHints":{"allow":["GET"]}}],"collection":[{"href":"https:\/\/www.sport-loewen-baden.de\/wp\/wp-json\/wp\/v2\/pages"}],"about":[{"href":"https:\/\/www.sport-loewen-baden.de\/wp\/wp-json\/wp\/v2\/types\/page"}],"author":[{"embeddable":true,"href":"https:\/\/www.sport-loewen-baden.de\/wp\/wp-json\/wp\/v2\/users\/1"}],"replies":[{"embeddable":true,"href":"https:\/\/www.sport-loewen-baden.de\/wp\/wp-json\/wp\/v2\/comments?post=81"}],"version-history":[{"count":28,"href":"https:\/\/www.sport-loewen-baden.de\/wp\/wp-json\/wp\/v2\/pages\/81\/revisions"}],"predecessor-version":[{"id":6636,"href":"https:\/\/www.sport-loewen-baden.de\/wp\/wp-json\/wp\/v2\/pages\/81\/revisions\/6636"}],"up":[{"embeddable":true,"href":"https:\/\/www.sport-loewen-baden.de\/wp\/wp-json\/wp\/v2\/pages\/7"}],"wp:attachment":[{"href":"https:\/\/www.sport-loewen-baden.de\/wp\/wp-json\/wp\/v2\/media?parent=81"}],"curies":[{"name":"wp","href":"https:\/\/api.w.org\/{rel}","templated":true}]}}