{"id":862,"date":"2015-01-26T19:41:11","date_gmt":"2015-01-26T18:41:11","guid":{"rendered":"https:\/\/www.sport-loewen-baden.de\/wp\/?page_id=862"},"modified":"2015-05-01T13:54:00","modified_gmt":"2015-05-01T11:54:00","slug":"hotelwelt-kuebler","status":"publish","type":"page","link":"https:\/\/www.sport-loewen-baden.de\/wp\/sport\/ksk-loewen-skate-2015\/hotelwelt-kuebler\/","title":{"rendered":"Hotelwelt K\u00fcbler"},"content":{"rendered":"<p><span style=\"text-decoration: underline;\">Sonderpreise Hotelwelt K\u00fcbler<\/span><\/p>\n<p>Einzelzimmer \/ Standard 55,00\u20ac Nacht<\/p>\n<p>Doppelzimmer \/ Standard 32,50\u20ac Nacht pro Person<\/p>\n<p>Fr\u00fchst\u00fcck 8,00\u20ac pro Person<\/p>\n<p>Garage 9,00\u20ac Nacht pauschal<\/p>\n<p>Bei Buchung bitte Stichwort &#8222;Sport-L\u00f6wen-Baden&#8220; angeben, dann erh\u00e4ltst Du die oben angegeben Preise.<\/p>\n<p><a title=\"KSK L\u00f6wen Skate 2015\" href=\"https:\/\/www.sport-loewen-baden.de\/wp\/sport\/ksk-loewen-skate-2015\/\">zur\u00fcck<\/a><\/p>\n","protected":false},"excerpt":{"rendered":"<p>Sonderpreise Hotelwelt K\u00fcbler Einzelzimmer \/ Standard 55,00\u20ac Nacht Doppelzimmer \/ Standard 32,50\u20ac Nacht pro Person Fr\u00fchst\u00fcck 8,00\u20ac pro Person Garage 9,00\u20ac Nacht pauschal Bei Buchung bitte Stichwort &#8222;Sport-L\u00f6wen-Baden&#8220; angeben, dann erh\u00e4ltst Du die oben angegeben Preise. zur\u00fcck<\/p>\n","protected":false},"author":2,"featured_media":0,"parent":400,"menu_order":0,"comment_status":"open","ping_status":"open","template":"","meta":{"ngg_post_thumbnail":0,"footnotes":""},"class_list":["post-862","page","type-page","status-publish","hentry"],"_links":{"self":[{"href":"https:\/\/www.sport-loewen-baden.de\/wp\/wp-json\/wp\/v2\/pages\/862","targetHints":{"allow":["GET"]}}],"collection":[{"href":"https:\/\/www.sport-loewen-baden.de\/wp\/wp-json\/wp\/v2\/pages"}],"about":[{"href":"https:\/\/www.sport-loewen-baden.de\/wp\/wp-json\/wp\/v2\/types\/page"}],"author":[{"embeddable":true,"href":"https:\/\/www.sport-loewen-baden.de\/wp\/wp-json\/wp\/v2\/users\/2"}],"replies":[{"embeddable":true,"href":"https:\/\/www.sport-loewen-baden.de\/wp\/wp-json\/wp\/v2\/comments?post=862"}],"version-history":[{"count":3,"href":"https:\/\/www.sport-loewen-baden.de\/wp\/wp-json\/wp\/v2\/pages\/862\/revisions"}],"predecessor-version":[{"id":1101,"href":"https:\/\/www.sport-loewen-baden.de\/wp\/wp-json\/wp\/v2\/pages\/862\/revisions\/1101"}],"up":[{"embeddable":true,"href":"https:\/\/www.sport-loewen-baden.de\/wp\/wp-json\/wp\/v2\/pages\/400"}],"wp:attachment":[{"href":"https:\/\/www.sport-loewen-baden.de\/wp\/wp-json\/wp\/v2\/media?parent=862"}],"curies":[{"name":"wp","href":"https:\/\/api.w.org\/{rel}","templated":true}]}}